{"id":4734,"date":"2020-04-17T10:32:17","date_gmt":"2020-04-17T10:32:17","guid":{"rendered":"https:\/\/ld-wp73.template-help.com\/woocommerce\/prod_14691\/v1\/?page_id=4734"},"modified":"2020-12-22T11:13:56","modified_gmt":"2020-12-22T10:13:56","slug":"over","status":"publish","type":"page","link":"https:\/\/www.aquasmile.be\/fr\/over\/","title":{"rendered":"A propos de"},"content":{"rendered":"<div data-elementor-type=\"wp-page\" data-elementor-id=\"4734\" class=\"elementor elementor-4734\" data-elementor-settings=\"[]\">\n\t\t\t\t\t\t<div class=\"elementor-inner\">\n\t\t\t\t\t\t\t<div class=\"elementor-section-wrap\">\n\t\t\t\t\t\t\t<section class=\"elementor-section elementor-top-section elementor-element elementor-element-8c632e0 elementor-section-boxed elementor-section-height-default elementor-section-height-default\" data-id=\"8c632e0\" data-element_type=\"section\" data-settings=\"{&quot;background_background&quot;:&quot;classic&quot;}\">\n\t\t\t\t\t\t<div class=\"elementor-container elementor-column-gap-default\">\n\t\t\t\t\t\t\t<div class=\"elementor-row\">\n\t\t\t\t\t<div class=\"elementor-column elementor-col-100 elementor-top-column elementor-element elementor-element-a3c53f9\" data-id=\"a3c53f9\" data-element_type=\"column\">\n\t\t\t<div class=\"elementor-column-wrap elementor-element-populated\">\n\t\t\t\t\t\t\t<div class=\"elementor-widget-wrap\">\n\t\t\t\t\t\t<div class=\"elementor-element elementor-element-f4b7eac elementor-widget elementor-widget-jet-headline\" data-id=\"f4b7eac\" data-element_type=\"widget\" data-widget_type=\"jet-headline.default\">\n\t\t\t\t<div class=\"elementor-widget-container\">\n\t\t\t<h1 class=\"jet-headline jet-headline--direction-horizontal\"><span class=\"jet-headline__part jet-headline__first\"><span class=\"jet-headline__label\">A propos de<\/span><\/span><span class=\"jet-headline__space\">&nbsp;<\/span><span class=\"jet-headline__part jet-headline__second\"><span class=\"jet-headline__label\">Nous<\/span><\/span><\/h1>\t\t<\/div>\n\t\t\t\t<\/div>\n\t\t\t\t<div class=\"elementor-element elementor-element-3d1f42b elementor-widget elementor-widget-text-editor\" data-id=\"3d1f42b\" data-element_type=\"widget\" data-widget_type=\"text-editor.default\">\n\t\t\t\t<div class=\"elementor-widget-container\">\n\t\t\t\t\t<div class=\"elementor-text-editor elementor-clearfix\"><p>Aquasmile est le distributeur belge officiel des adoucisseurs d&#039;eau Apic.\u00a0<\/p><p>En collaboration avec notre \u00e9quipe de techniciens exp\u00e9riment\u00e9s, nous n&#039;installons pas simplement un adoucisseur d&#039;eau rapidement, mais nous appliquons les \u00e9l\u00e9ments n\u00e9cessaires pour effectuer correctement l&#039;installation.\u00a0<\/p><p>Contrairement \u00e0 certaines entreprises d'assemblage, nous proposons une marque (APIC) qui existe depuis plus de 50 ans, ce qui signifie que le service et le service apr\u00e8s-vente continueront d'exister \u00e0 court ou long terme.\u00a0<\/p><p>Nous proposons des prix tr\u00e8s attractifs, tant sur la gamme que sur les placements et l&#039;entretien.\u00a0<\/p><p>Sachez qu'Aquasmile est \u00e9galement distributeur de la marque Fluid'O et que nous proposons uniquement aux installateurs sanitaires professionnels ou aux entreprises.<\/p><p>Contrairement \u00e0 certaines entreprises, nous ne vous envoyons jamais de sous-traitants, nous gardons donc la qualit\u00e9 de notre service optimale et entre nos propres mains.<\/p><p>Cordialement, team Aquasmile.<\/p><p>\u00a0<\/p><\/div>\n\t\t\t\t<\/div>\n\t\t\t\t<\/div>\n\t\t\t\t<div class=\"elementor-element elementor-element-da09d3c elementor-widget elementor-widget-jet-headline\" data-id=\"da09d3c\" data-element_type=\"widget\" data-widget_type=\"jet-headline.default\">\n\t\t\t\t<div class=\"elementor-widget-container\">\n\t\t\t<h1 class=\"jet-headline jet-headline--direction-horizontal\"><span class=\"jet-headline__part jet-headline__first\"><span class=\"jet-headline__label\">notre <\/span><\/span><span class=\"jet-headline__space\">&nbsp;<\/span><span class=\"jet-headline__part jet-headline__second\"><span class=\"jet-headline__label\">R\u00c9F\u00c9RENCES<\/span><\/span><\/h1>\t\t<\/div>\n\t\t\t\t<\/div>\n\t\t\t\t<section class=\"elementor-section elementor-inner-section elementor-element elementor-element-451e983 elementor-section-boxed elementor-section-height-default elementor-section-height-default\" data-id=\"451e983\" data-element_type=\"section\">\n\t\t\t\t\t\t<div class=\"elementor-container elementor-column-gap-default\">\n\t\t\t\t\t\t\t<div class=\"elementor-row\">\n\t\t\t\t\t<div class=\"elementor-column elementor-col-50 elementor-inner-column elementor-element elementor-element-9b36470\" data-id=\"9b36470\" data-element_type=\"column\">\n\t\t\t<div class=\"elementor-column-wrap elementor-element-populated\">\n\t\t\t\t\t\t\t<div class=\"elementor-widget-wrap\">\n\t\t\t\t\t\t<div class=\"elementor-element elementor-element-5411226 elementor-widget elementor-widget-image\" data-id=\"5411226\" data-element_type=\"widget\" data-widget_type=\"image.default\">\n\t\t\t\t<div class=\"elementor-widget-container\">\n\t\t\t\t\t<div class=\"elementor-image\">\n\t\t\t\t\t\t\t\t\t\t<img width=\"303\" height=\"186\" src=\"https:\/\/www.aquasmile.be\/wp-content\/uploads\/2020\/12\/test2.jpg\" class=\"attachment-large size-large\" alt=\"\" loading=\"lazy\" srcset=\"https:\/\/www.aquasmile.be\/wp-content\/uploads\/2020\/12\/test2.jpg 303w, https:\/\/www.aquasmile.be\/wp-content\/uploads\/2020\/12\/test2-300x184.jpg 300w, https:\/\/www.aquasmile.be\/wp-content\/uploads\/2020\/12\/test2-16x10.jpg 16w\" sizes=\"(max-width: 303px) 100vw, 303px\" \/>\t\t\t\t\t\t\t\t\t\t\t<\/div>\n\t\t\t\t<\/div>\n\t\t\t\t<\/div>\n\t\t\t\t<div class=\"elementor-element elementor-element-7f66a52 elementor-widget elementor-widget-text-editor\" data-id=\"7f66a52\" data-element_type=\"widget\" data-widget_type=\"text-editor.default\">\n\t\t\t\t<div class=\"elementor-widget-container\">\n\t\t\t\t\t<div class=\"elementor-text-editor elementor-clearfix\"><p>Meilleur test N \u00b0 1 TEST ACHAT 2011 sur 5 marques - mod\u00e8le APIC HERACLES\u00a0\u00a0<\/p><\/div>\n\t\t\t\t<\/div>\n\t\t\t\t<\/div>\n\t\t\t\t\t\t<\/div>\n\t\t\t\t\t<\/div>\n\t\t<\/div>\n\t\t\t\t<div class=\"elementor-column elementor-col-50 elementor-inner-column elementor-element elementor-element-fb2f32b\" data-id=\"fb2f32b\" data-element_type=\"column\">\n\t\t\t<div class=\"elementor-column-wrap elementor-element-populated\">\n\t\t\t\t\t\t\t<div class=\"elementor-widget-wrap\">\n\t\t\t\t\t\t<div class=\"elementor-element elementor-element-5b0b988 elementor-widget elementor-widget-image\" data-id=\"5b0b988\" data-element_type=\"widget\" data-widget_type=\"image.default\">\n\t\t\t\t<div class=\"elementor-widget-container\">\n\t\t\t\t\t<div class=\"elementor-image\">\n\t\t\t\t\t\t\t\t\t\t<img width=\"303\" height=\"186\" src=\"https:\/\/www.aquasmile.be\/wp-content\/uploads\/2020\/12\/vdab.jpg\" class=\"attachment-large size-large\" alt=\"\" loading=\"lazy\" srcset=\"https:\/\/www.aquasmile.be\/wp-content\/uploads\/2020\/12\/vdab.jpg 303w, https:\/\/www.aquasmile.be\/wp-content\/uploads\/2020\/12\/vdab-300x184.jpg 300w, https:\/\/www.aquasmile.be\/wp-content\/uploads\/2020\/12\/vdab-16x10.jpg 16w\" sizes=\"(max-width: 303px) 100vw, 303px\" \/>\t\t\t\t\t\t\t\t\t\t\t<\/div>\n\t\t\t\t<\/div>\n\t\t\t\t<\/div>\n\t\t\t\t<div class=\"elementor-element elementor-element-55642de elementor-widget elementor-widget-text-editor\" data-id=\"55642de\" data-element_type=\"widget\" data-widget_type=\"text-editor.default\">\n\t\t\t\t<div class=\"elementor-widget-container\">\n\t\t\t\t\t<div class=\"elementor-text-editor elementor-clearfix\"><p>Les centres de formation du VDAB utilisent les appareils Apic pour former les futurs techniciens sanitaires.\u00a0<\/p><\/div>\n\t\t\t\t<\/div>\n\t\t\t\t<\/div>\n\t\t\t\t\t\t<\/div>\n\t\t\t\t\t<\/div>\n\t\t<\/div>\n\t\t\t\t\t\t\t\t<\/div>\n\t\t\t\t\t<\/div>\n\t\t<\/section>\n\t\t\t\t<div class=\"elementor-element elementor-element-11c181c elementor-widget elementor-widget-text-editor\" data-id=\"11c181c\" data-element_type=\"widget\" data-widget_type=\"text-editor.default\">\n\t\t\t\t<div class=\"elementor-widget-container\">\n\t\t\t\t\t<div class=\"elementor-text-editor elementor-clearfix\"><\/div>\n\t\t\t\t<\/div>\n\t\t\t\t<\/div>\n\t\t\t\t\t\t<\/div>\n\t\t\t\t\t<\/div>\n\t\t<\/div>\n\t\t\t\t\t\t\t\t<\/div>\n\t\t\t\t\t<\/div>\n\t\t<\/section>\n\t\t\t\t<section class=\"elementor-section elementor-top-section elementor-element elementor-element-eb9a763 elementor-section-boxed elementor-section-height-default elementor-section-height-default\" data-id=\"eb9a763\" data-element_type=\"section\" data-settings=\"{&quot;background_background&quot;:&quot;classic&quot;}\">\n\t\t\t\t\t\t<div class=\"elementor-container elementor-column-gap-extended\">\n\t\t\t\t\t\t\t<div class=\"elementor-row\">\n\t\t\t\t\t<div class=\"elementor-column elementor-col-25 elementor-top-column elementor-element elementor-element-802be2e\" data-id=\"802be2e\" data-element_type=\"column\">\n\t\t\t<div class=\"elementor-column-wrap elementor-element-populated\">\n\t\t\t\t\t\t\t<div class=\"elementor-widget-wrap\">\n\t\t\t\t\t\t<div class=\"elementor-element elementor-element-6bd6bdc elementor-view-default elementor-widget elementor-widget-icon\" data-id=\"6bd6bdc\" data-element_type=\"widget\" data-widget_type=\"icon.default\">\n\t\t\t\t<div class=\"elementor-widget-container\">\n\t\t\t\t\t<div class=\"elementor-icon-wrapper\">\n\t\t\t<div class=\"elementor-icon\">\n\t\t\t<i aria-hidden=\"true\" class=\"nc-icon-outline business_money-coins\"><\/i>\t\t\t<\/div>\n\t\t<\/div>\n\t\t\t\t<\/div>\n\t\t\t\t<\/div>\n\t\t\t\t<div class=\"elementor-element elementor-element-f543bba elementor-position-top elementor-vertical-align-top elementor-widget elementor-widget-image-box\" data-id=\"f543bba\" data-element_type=\"widget\" data-widget_type=\"image-box.default\">\n\t\t\t\t<div class=\"elementor-widget-container\">\n\t\t\t<div class=\"elementor-image-box-wrapper\"><div class=\"elementor-image-box-content\"><h2 class=\"elementor-image-box-title\">Devis gratuit et analyse de l&#039;eau<\/h2><p class=\"elementor-image-box-description\">pas de service de sous-traitance <\/p><\/div><\/div>\t\t<\/div>\n\t\t\t\t<\/div>\n\t\t\t\t\t\t<\/div>\n\t\t\t\t\t<\/div>\n\t\t<\/div>\n\t\t\t\t<div class=\"elementor-column elementor-col-25 elementor-top-column elementor-element elementor-element-64aa3d4\" data-id=\"64aa3d4\" data-element_type=\"column\">\n\t\t\t<div class=\"elementor-column-wrap elementor-element-populated\">\n\t\t\t\t\t\t\t<div class=\"elementor-widget-wrap\">\n\t\t\t\t\t\t<div class=\"elementor-element elementor-element-aa679be elementor-view-default elementor-widget elementor-widget-icon\" data-id=\"aa679be\" data-element_type=\"widget\" data-widget_type=\"icon.default\">\n\t\t\t\t<div class=\"elementor-widget-container\">\n\t\t\t\t\t<div class=\"elementor-icon-wrapper\">\n\t\t\t<div class=\"elementor-icon\">\n\t\t\t<i aria-hidden=\"true\" class=\"fas fa-shuttle-van\"><\/i>\t\t\t<\/div>\n\t\t<\/div>\n\t\t\t\t<\/div>\n\t\t\t\t<\/div>\n\t\t\t\t<div class=\"elementor-element elementor-element-6bb1794 elementor-position-top elementor-vertical-align-top elementor-widget elementor-widget-image-box\" data-id=\"6bb1794\" data-element_type=\"widget\" data-widget_type=\"image-box.default\">\n\t\t\t\t<div class=\"elementor-widget-container\">\n\t\t\t<div class=\"elementor-image-box-wrapper\"><div class=\"elementor-image-box-content\"><h2 class=\"elementor-image-box-title\">Propre service interne <\/h2><p class=\"elementor-image-box-description\">pas de service de sous-traitance <\/p><\/div><\/div>\t\t<\/div>\n\t\t\t\t<\/div>\n\t\t\t\t\t\t<\/div>\n\t\t\t\t\t<\/div>\n\t\t<\/div>\n\t\t\t\t<div class=\"elementor-column elementor-col-25 elementor-top-column elementor-element elementor-element-ae92526\" data-id=\"ae92526\" data-element_type=\"column\">\n\t\t\t<div class=\"elementor-column-wrap elementor-element-populated\">\n\t\t\t\t\t\t\t<div class=\"elementor-widget-wrap\">\n\t\t\t\t\t\t<div class=\"elementor-element elementor-element-cf0748e elementor-view-default elementor-widget elementor-widget-icon\" data-id=\"cf0748e\" data-element_type=\"widget\" data-widget_type=\"icon.default\">\n\t\t\t\t<div class=\"elementor-widget-container\">\n\t\t\t\t\t<div class=\"elementor-icon-wrapper\">\n\t\t\t<div class=\"elementor-icon\">\n\t\t\t<i aria-hidden=\"true\" class=\"far fa-gem\"><\/i>\t\t\t<\/div>\n\t\t<\/div>\n\t\t\t\t<\/div>\n\t\t\t\t<\/div>\n\t\t\t\t<div class=\"elementor-element elementor-element-f114f05 elementor-position-top elementor-vertical-align-top elementor-widget elementor-widget-image-box\" data-id=\"f114f05\" data-element_type=\"widget\" data-widget_type=\"image-box.default\">\n\t\t\t\t<div class=\"elementor-widget-container\">\n\t\t\t<div class=\"elementor-image-box-wrapper\"><div class=\"elementor-image-box-content\"><h2 class=\"elementor-image-box-title\">Plus de 50 ans d&#039;exp\u00e9rience <\/h2><p class=\"elementor-image-box-description\">nous existons depuis 1965<\/p><\/div><\/div>\t\t<\/div>\n\t\t\t\t<\/div>\n\t\t\t\t\t\t<\/div>\n\t\t\t\t\t<\/div>\n\t\t<\/div>\n\t\t\t\t<div class=\"elementor-column elementor-col-25 elementor-top-column elementor-element elementor-element-8b1e434\" data-id=\"8b1e434\" data-element_type=\"column\">\n\t\t\t<div class=\"elementor-column-wrap elementor-element-populated\">\n\t\t\t\t\t\t\t<div class=\"elementor-widget-wrap\">\n\t\t\t\t\t\t<div class=\"elementor-element elementor-element-a2b1237 elementor-view-default elementor-widget elementor-widget-icon\" data-id=\"a2b1237\" data-element_type=\"widget\" data-widget_type=\"icon.default\">\n\t\t\t\t<div class=\"elementor-widget-container\">\n\t\t\t\t\t<div class=\"elementor-icon-wrapper\">\n\t\t\t<div class=\"elementor-icon\">\n\t\t\t<i aria-hidden=\"true\" class=\"fas fa-thumbs-up\"><\/i>\t\t\t<\/div>\n\t\t<\/div>\n\t\t\t\t<\/div>\n\t\t\t\t<\/div>\n\t\t\t\t<div class=\"elementor-element elementor-element-6df0936 elementor-position-top elementor-vertical-align-top elementor-widget elementor-widget-image-box\" data-id=\"6df0936\" data-element_type=\"widget\" data-widget_type=\"image-box.default\">\n\t\t\t\t<div class=\"elementor-widget-container\">\n\t\t\t<div class=\"elementor-image-box-wrapper\"><div class=\"elementor-image-box-content\"><h2 class=\"elementor-image-box-title\">Adoucisseur sans entretien <\/h2><p class=\"elementor-image-box-description\">avec d\u00e9sinfection antibact\u00e9rienne automatique <\/p><\/div><\/div>\t\t<\/div>\n\t\t\t\t<\/div>\n\t\t\t\t\t\t<\/div>\n\t\t\t\t\t<\/div>\n\t\t<\/div>\n\t\t\t\t\t\t\t\t<\/div>\n\t\t\t\t\t<\/div>\n\t\t<\/section>\n\t\t\t\t\t\t<\/div>\n\t\t\t\t\t\t<\/div>\n\t\t\t\t\t<\/div>","protected":false},"excerpt":{"rendered":"<p>\u00c0 propos de nous Aquasmile est le distributeur belge officiel des adoucisseurs d&#039;eau Apic. Avec notre \u00e9quipe de techniciens exp\u00e9riment\u00e9s, nous ne nous contentons pas d&#039;installer rapidement un adoucisseur d&#039;eau, mais nous appliquons les \u00e9l\u00e9ments n\u00e9cessaires pour mener \u00e0 bien l&#039;installation. Contrairement \u00e0 certaines soci\u00e9t\u00e9s d&#039;assemblage, nous proposons une marque (APIC) qui a \u00e9t\u00e9 [\u2026]<\/p>","protected":false},"author":1,"featured_media":0,"parent":0,"menu_order":0,"comment_status":"closed","ping_status":"closed","template":"elementor_header_footer","meta":[],"_links":{"self":[{"href":"https:\/\/www.aquasmile.be\/fr\/wp-json\/wp\/v2\/pages\/4734"}],"collection":[{"href":"https:\/\/www.aquasmile.be\/fr\/wp-json\/wp\/v2\/pages"}],"about":[{"href":"https:\/\/www.aquasmile.be\/fr\/wp-json\/wp\/v2\/types\/page"}],"author":[{"embeddable":true,"href":"https:\/\/www.aquasmile.be\/fr\/wp-json\/wp\/v2\/users\/1"}],"replies":[{"embeddable":true,"href":"https:\/\/www.aquasmile.be\/fr\/wp-json\/wp\/v2\/comments?post=4734"}],"version-history":[{"count":55,"href":"https:\/\/www.aquasmile.be\/fr\/wp-json\/wp\/v2\/pages\/4734\/revisions"}],"predecessor-version":[{"id":5758,"href":"https:\/\/www.aquasmile.be\/fr\/wp-json\/wp\/v2\/pages\/4734\/revisions\/5758"}],"wp:attachment":[{"href":"https:\/\/www.aquasmile.be\/fr\/wp-json\/wp\/v2\/media?parent=4734"}],"curies":[{"name":"wp","href":"https:\/\/api.w.org\/{rel}","templated":true}]}}