{"id":5240,"date":"2020-11-16T13:53:36","date_gmt":"2020-11-16T13:53:36","guid":{"rendered":"https:\/\/www.aquasmile.be\/?page_id=5240"},"modified":"2021-10-20T07:39:41","modified_gmt":"2021-10-20T06:39:41","slug":"apic","status":"publish","type":"page","link":"https:\/\/www.aquasmile.be\/fr\/apic\/","title":{"rendered":"Apic"},"content":{"rendered":"<div data-elementor-type=\"wp-page\" data-elementor-id=\"5240\" class=\"elementor elementor-5240\" data-elementor-settings=\"[]\">\n\t\t\t\t\t\t<div class=\"elementor-inner\">\n\t\t\t\t\t\t\t<div class=\"elementor-section-wrap\">\n\t\t\t\t\t\t\t<section class=\"elementor-section elementor-top-section elementor-element elementor-element-7938eab elementor-section-full_width elementor-section-height-default elementor-section-height-default\" data-id=\"7938eab\" data-element_type=\"section\">\n\t\t\t\t\t\t<div class=\"elementor-container elementor-column-gap-default\">\n\t\t\t\t\t\t\t<div class=\"elementor-row\">\n\t\t\t\t\t<div class=\"elementor-column elementor-col-100 elementor-top-column elementor-element elementor-element-38ad40f\" data-id=\"38ad40f\" data-element_type=\"column\">\n\t\t\t<div class=\"elementor-column-wrap\">\n\t\t\t\t\t\t\t<div class=\"elementor-widget-wrap\">\n\t\t\t\t\t\t\t\t<\/div>\n\t\t\t\t\t<\/div>\n\t\t<\/div>\n\t\t\t\t\t\t\t\t<\/div>\n\t\t\t\t\t<\/div>\n\t\t<\/section>\n\t\t\t\t<section class=\"elementor-section elementor-top-section elementor-element elementor-element-e6f5dd7 elementor-section-boxed elementor-section-height-default elementor-section-height-default\" data-id=\"e6f5dd7\" data-element_type=\"section\">\n\t\t\t\t\t\t<div class=\"elementor-container elementor-column-gap-default\">\n\t\t\t\t\t\t\t<div class=\"elementor-row\">\n\t\t\t\t\t<div class=\"elementor-column elementor-col-100 elementor-top-column elementor-element elementor-element-af44a38\" data-id=\"af44a38\" data-element_type=\"column\">\n\t\t\t<div class=\"elementor-column-wrap elementor-element-populated\">\n\t\t\t\t\t\t\t<div class=\"elementor-widget-wrap\">\n\t\t\t\t\t\t<div class=\"elementor-element elementor-element-e541df8 elementor-widget elementor-widget-jet-headline\" data-id=\"e541df8\" data-element_type=\"widget\" data-widget_type=\"jet-headline.default\">\n\t\t\t\t<div class=\"elementor-widget-container\">\n\t\t\t<h2 class=\"jet-headline jet-headline--direction-horizontal\"><span class=\"jet-headline__part jet-headline__first\"><span class=\"jet-headline__label\">Apic<\/span><\/span><span class=\"jet-headline__space\">&nbsp;<\/span><span class=\"jet-headline__part jet-headline__second\"><span class=\"jet-headline__label\">gamme<\/span><\/span><\/h2>\t\t<\/div>\n\t\t\t\t<\/div>\n\t\t\t\t\t\t<\/div>\n\t\t\t\t\t<\/div>\n\t\t<\/div>\n\t\t\t\t\t\t\t\t<\/div>\n\t\t\t\t\t<\/div>\n\t\t<\/section>\n\t\t\t\t<section class=\"elementor-section elementor-top-section elementor-element elementor-element-ef46661 elementor-section-boxed elementor-section-height-default elementor-section-height-default\" data-id=\"ef46661\" data-element_type=\"section\">\n\t\t\t\t\t\t<div class=\"elementor-container elementor-column-gap-default\">\n\t\t\t\t\t\t\t<div class=\"elementor-row\">\n\t\t\t\t\t<div class=\"elementor-column elementor-col-100 elementor-top-column elementor-element elementor-element-1661c7a\" data-id=\"1661c7a\" data-element_type=\"column\">\n\t\t\t<div class=\"elementor-column-wrap elementor-element-populated\">\n\t\t\t\t\t\t\t<div class=\"elementor-widget-wrap\">\n\t\t\t\t\t\t<div class=\"elementor-element elementor-element-961c009 eael-product-gallery-column-4 elementor-widget elementor-widget-eael-woo-product-gallery\" data-id=\"961c009\" data-element_type=\"widget\" data-widget_type=\"eael-woo-product-gallery.default\">\n\t\t\t\t<div class=\"elementor-widget-container\">\n\t\t\t\n        <div class=\"eael-product-gallery eael-product-preset-4 grid eael-terms-layout-horizontal\" id=\"eael-product-gallery\" data-widget-id=\"961c009\" data-page-id=\"5240\" data-nonce=\"4c0e7a97e2\" >\n\t\t\t<ul class=\"eael-cat-tab\" data-layout=\"grid\" data-template=\"{\"dir\":\"lite\",\"file_name\":\"default.php\",\"name\":\"woo-product-gallery\"}\" data-nonce=\"4c0e7a97e2\" data-page-id=\"5240\" data-widget-id=\"961c009\" data-widget=\"961c009\" data-class=\"Essential_Addons_Elementor\\Elements\\Woo_Product_Gallery\" data-args=\"post_type=product&post_status%5B0%5D=publish&post_status%5B1%5D=pending&post_status%5B2%5D=future&posts_per_page=12&order=desc&offset=0&tax_query%5B0%5D%5Btaxonomy%5D=product_cat&tax_query%5B0%5D%5Bfield%5D=term_id&tax_query%5B0%5D%5Bterms%5D=11&tax_query%5B0%5D%5Boperator%5D=IN&orderby=date&meta_query%5Brelation%5D=AND\" data-page=\"1\"><li><a href=\"javascript:;\" data-page=\"1\" data-taxonomy=\"product_cat\" data-terms=\"[\"apic\"]\" data-id=\"11\" class=\"post-list-filter-item\">apic<\/a><\/li><\/ul>\n            <div class=\"woocommerce\">\n\t\t\t\t<ul class=\"products eael-post-appender eael-post-appender-961c009\" data-layout-mode=\"grid\">        <li class=\"product\">\n            <div class=\"eael-product-wrap\">\n\t                        <img width=\"300\" height=\"300\" src=\"https:\/\/www.aquasmile.be\/wp-content\/uploads\/2020\/12\/compact-300x300.jpg\" class=\"attachment-woocommerce_thumbnail size-woocommerce_thumbnail\" alt=\"\" loading=\"eager\" \/><h2 class=\"woocommerce-loop-product__title\">COMPACT H - Adoucisseur d&#039;eau mural<\/h2><div class=\"eael-product-price\"><\/div>            <a href=\"https:\/\/www.aquasmile.be\/fr\/produit\/compact-h-wandverzachter\/\" data-quantity=\"1\" class=\"button product_type_simple\" data-product_id=\"5400\" data-product_sku=\"\" aria-label=\"En savoir plus sur \u201cCOMPACT H - Wand waterverzachter\u201d\" rel=\"nofollow\" data-no-translation-aria-label=\"\"><span class=\"button-text\" data-no-translation=\"\" data-trp-gettext=\"\">Lire la suite<\/span><\/a>            <\/div>\n        <\/li>\n                <li class=\"product\">\n            <div class=\"eael-product-wrap\">\n\t                        <img width=\"300\" height=\"405\" src=\"https:\/\/www.aquasmile.be\/wp-content\/uploads\/2020\/11\/Zetes-Junior-Wit-1-300x405.jpg\" class=\"attachment-woocommerce_thumbnail size-woocommerce_thumbnail\" alt=\"\" loading=\"eager\" \/><h2 class=\"woocommerce-loop-product__title\">ZETES junior 12,5 L.<\/h2><div class=\"eael-product-price\"><\/div>            <a href=\"https:\/\/www.aquasmile.be\/fr\/produit\/zetes-junior-125l\/\" data-quantity=\"1\" class=\"button product_type_simple\" data-product_id=\"5265\" data-product_sku=\"\" aria-label=\"En savoir plus sur \u201cZETES junior 12.5 L\u201d\" rel=\"nofollow\" data-no-translation-aria-label=\"\"><span class=\"button-text\" data-no-translation=\"\" data-trp-gettext=\"\">Lire la suite<\/span><\/a>            <\/div>\n        <\/li>\n                <li class=\"product\">\n            <div class=\"eael-product-wrap\">\n\t                        <img width=\"300\" height=\"405\" src=\"https:\/\/www.aquasmile.be\/wp-content\/uploads\/2020\/11\/zetes-front-300x405.jpg\" class=\"attachment-woocommerce_thumbnail size-woocommerce_thumbnail\" alt=\"\" loading=\"eager\" \/><h2 class=\"woocommerce-loop-product__title\">ZETES 22 L.<\/h2><div class=\"eael-product-price\"><\/div>            <a href=\"https:\/\/www.aquasmile.be\/fr\/produit\/zetes-22l\/\" data-quantity=\"1\" class=\"button product_type_simple\" data-product_id=\"5260\" data-product_sku=\"\" aria-label=\"En savoir plus sur \u201cZETES 22 L\u201d\" rel=\"nofollow\" data-no-translation-aria-label=\"\"><span class=\"button-text\" data-no-translation=\"\" data-trp-gettext=\"\">Lire la suite<\/span><\/a>            <\/div>\n        <\/li>\n                <li class=\"product\">\n            <div class=\"eael-product-wrap\">\n\t                        <img width=\"300\" height=\"395\" src=\"https:\/\/www.aquasmile.be\/wp-content\/uploads\/2020\/11\/heracles34l-side-300x395.jpg\" class=\"attachment-woocommerce_thumbnail size-woocommerce_thumbnail\" alt=\"\" loading=\"eager\" \/><h2 class=\"woocommerce-loop-product__title\">NESSOS 34 L.<\/h2><div class=\"eael-product-price\"><\/div>            <a href=\"https:\/\/www.aquasmile.be\/fr\/produit\/heracles-34l\/\" data-quantity=\"1\" class=\"button product_type_simple\" data-product_id=\"5255\" data-product_sku=\"\" aria-label=\"En savoir plus sur \u201cNESSOS 34 L\u201d\" rel=\"nofollow\" data-no-translation-aria-label=\"\"><span class=\"button-text\" data-no-translation=\"\" data-trp-gettext=\"\">Lire la suite<\/span><\/a>            <\/div>\n        <\/li>\n                <li class=\"product\">\n            <div class=\"eael-product-wrap\">\n\t                        <img width=\"300\" height=\"405\" src=\"https:\/\/www.aquasmile.be\/wp-content\/uploads\/2018\/02\/heracles22l-300x405.jpg\" class=\"attachment-woocommerce_thumbnail size-woocommerce_thumbnail\" alt=\"\" loading=\"eager\" \/><h2 class=\"woocommerce-loop-product__title\">H\u00c9RACLES 22 L.<\/h2><div class=\"eael-product-price\"><\/div>            <a href=\"https:\/\/www.aquasmile.be\/fr\/produit\/heracles-22l\/\" data-quantity=\"1\" class=\"button product_type_simple\" data-product_id=\"4516\" data-product_sku=\"\" aria-label=\"En savoir plus sur \u201cHERACLES 22 L\u201d\" rel=\"nofollow\" data-no-translation-aria-label=\"\"><span class=\"button-text\" data-no-translation=\"\" data-trp-gettext=\"\">Lire la suite<\/span><\/a>            <\/div>\n        <\/li>\n                <li class=\"product\">\n            <div class=\"eael-product-wrap\">\n\t                        <img width=\"300\" height=\"405\" src=\"https:\/\/www.aquasmile.be\/wp-content\/uploads\/2018\/02\/Heracles-Junior-D-Wit-1-300x405.jpg\" class=\"attachment-woocommerce_thumbnail size-woocommerce_thumbnail\" alt=\"\" loading=\"eager\" \/><h2 class=\"woocommerce-loop-product__title\">HERACLES  JUNIOR 12,5 L<\/h2><div class=\"eael-product-price\"><\/div>            <a href=\"https:\/\/www.aquasmile.be\/fr\/produit\/heracles-junior-125l\/\" data-quantity=\"1\" class=\"button product_type_simple\" data-product_id=\"4517\" data-product_sku=\"\" aria-label=\"En savoir plus sur \u201cHERACLES JUNIOR 12,5L\u201d\" rel=\"nofollow\" data-no-translation-aria-label=\"\"><span class=\"button-text\" data-no-translation=\"\" data-trp-gettext=\"\">Lire la suite<\/span><\/a>            <\/div>\n        <\/li>\n        <\/ul>            <\/div>\n        <\/div>\n        <script type=\"text\/javascript\">\n\t\t\tjQuery(document).ready(function ($) {\n\t\t\t\tvar $scope = jQuery(\".elementor-element-961c009\");\n\t\t\t\tvar $products = $('.products', $scope);\n\t\t\t\tvar $layout_mode = $products.data('layout-mode');\n\n\t\t\t\tif ($layout_mode === 'masonry') {\n\t\t\t\t\t\/\/ init isotope\n\t\t\t\t\tvar $isotope_products = $products.isotope({\n\t\t\t\t\t\t                                          itemSelector: \"li.product\",\n\t\t\t\t\t\t                                          layoutMode: $layout_mode,\n\t\t\t\t\t\t                                          percentPosition: true\n\t\t\t\t\t                                          });\n\n\t\t\t\t\t$isotope_products.imagesLoaded().progress(function () {\n\t\t\t\t\t\t$isotope_products.isotope('layout');\n\t\t\t\t\t})\n\n\t\t\t\t\t$(window).on('resize', function () {\n\t\t\t\t\t\t$isotope_products.isotope('layout');\n\t\t\t\t\t});\n\t\t\t\t}\n\t\t\t});\n        <\/script>\n\t\t\t\t<\/div>\n\t\t\t\t<\/div>\n\t\t\t\t\t\t<\/div>\n\t\t\t\t\t<\/div>\n\t\t<\/div>\n\t\t\t\t\t\t\t\t<\/div>\n\t\t\t\t\t<\/div>\n\t\t<\/section>\n\t\t\t\t<section class=\"elementor-section elementor-top-section elementor-element elementor-element-78bf2bb elementor-section-boxed elementor-section-height-default elementor-section-height-default\" data-id=\"78bf2bb\" data-element_type=\"section\" data-settings=\"{&quot;background_background&quot;:&quot;classic&quot;}\">\n\t\t\t\t\t\t<div class=\"elementor-container elementor-column-gap-default\">\n\t\t\t\t\t\t\t<div class=\"elementor-row\">\n\t\t\t\t\t<div class=\"elementor-column elementor-col-100 elementor-top-column elementor-element elementor-element-dc5395c\" data-id=\"dc5395c\" data-element_type=\"column\">\n\t\t\t<div class=\"elementor-column-wrap elementor-element-populated\">\n\t\t\t\t\t\t\t<div class=\"elementor-widget-wrap\">\n\t\t\t\t\t\t<div class=\"elementor-element elementor-element-7f7bdcd elementor-widget elementor-widget-heading\" data-id=\"7f7bdcd\" data-element_type=\"widget\" data-widget_type=\"heading.default\">\n\t\t\t\t<div class=\"elementor-widget-container\">\n\t\t\t<h2 class=\"elementor-heading-title elementor-size-default\">* <br>Adoucisseur APIC?<\/h2>\t\t<\/div>\n\t\t\t\t<\/div>\n\t\t\t\t<div class=\"elementor-element elementor-element-793db9f elementor-widget elementor-widget-jet-button\" data-id=\"793db9f\" data-element_type=\"widget\" data-widget_type=\"jet-button.default\">\n\t\t\t\t<div class=\"elementor-widget-container\">\n\t\t\t<div class=\"elementor-jet-button jet-elements\"><div class=\"jet-button__container\">\n\t<a class=\"jet-button__instance jet-button__instance--icon-left hover-effect-0\" href=\"\/fr\/contact\/\">\n\t\t<div class=\"jet-button__plane jet-button__plane-normal\"><\/div>\n\t\t<div class=\"jet-button__plane jet-button__plane-hover\"><\/div>\n\t\t<div class=\"jet-button__state jet-button__state-normal\">\n\t\t\t<span class=\"jet-button__label\">Demandez votre devis gratuit ici<\/span>\t\t<\/div>\n\t\t<div class=\"jet-button__state jet-button__state-hover\">\n\t\t\t<span class=\"jet-button__label\">Demandez votre devis gratuit ici<\/span>\t\t<\/div>\n\t<\/a>\n<\/div>\n<\/div>\t\t<\/div>\n\t\t\t\t<\/div>\n\t\t\t\t\t\t<\/div>\n\t\t\t\t\t<\/div>\n\t\t<\/div>\n\t\t\t\t\t\t\t\t<\/div>\n\t\t\t\t\t<\/div>\n\t\t<\/section>\n\t\t\t\t<section class=\"elementor-section elementor-top-section elementor-element elementor-element-7d9e28c elementor-section-boxed elementor-section-height-default elementor-section-height-default\" data-id=\"7d9e28c\" data-element_type=\"section\">\n\t\t\t\t\t\t<div class=\"elementor-container elementor-column-gap-default\">\n\t\t\t\t\t\t\t<div class=\"elementor-row\">\n\t\t\t\t\t<div class=\"elementor-column elementor-col-100 elementor-top-column elementor-element elementor-element-0bc0756\" data-id=\"0bc0756\" data-element_type=\"column\">\n\t\t\t<div class=\"elementor-column-wrap elementor-element-populated\">\n\t\t\t\t\t\t\t<div class=\"elementor-widget-wrap\">\n\t\t\t\t\t\t<div class=\"elementor-element elementor-element-1aaf78d elementor-widget elementor-widget-jet-headline\" data-id=\"1aaf78d\" data-element_type=\"widget\" data-widget_type=\"jet-headline.default\">\n\t\t\t\t<div class=\"elementor-widget-container\">\n\t\t\t<h2 class=\"jet-headline jet-headline--direction-horizontal\"><span class=\"jet-headline__part jet-headline__first\"><span class=\"jet-headline__label\">Pourquoi <\/span><\/span><span class=\"jet-headline__space\">&nbsp;<\/span><span class=\"jet-headline__part jet-headline__second\"><span class=\"jet-headline__label\">un adoucisseur d&#039;eau APIC?<\/span><\/span><\/h2>\t\t<\/div>\n\t\t\t\t<\/div>\n\t\t\t\t<div class=\"elementor-element elementor-element-c58fa11 elementor-widget elementor-widget-text-editor\" data-id=\"c58fa11\" data-element_type=\"widget\" data-widget_type=\"text-editor.default\">\n\t\t\t\t<div class=\"elementor-widget-container\">\n\t\t\t\t\t<div class=\"elementor-text-editor elementor-clearfix\"><p>L'achat d'un adoucisseur d'eau ne doit pas \u00eatre une t\u00e2che facile. Il y en a pour tout le monde! Des adoucisseurs d'eau simples et abordables aux versions plus avanc\u00e9es. Bref, chez Aquasmile vous trouverez sans aucun doute un exemplaire qui correspond le mieux \u00e0 votre situation.\u00a0<a href=\"https:\/\/www.apic.be\/contact\/\" target=\"_blank\" rel=\"noopener noreferrer\">Demandez un devis gratuit<\/a>\u00a0pour votre adoucisseur d&#039;eau pr\u00e9f\u00e9r\u00e9 et nous ferons le reste - y compris la livraison et l&#039;installation, afin que votre famille puisse profiter des avantages de l&#039;eau douce.<\/p><h2 class=\"fusion-responsive-typography-calculated\" data-fontsize=\"30\" data-lineheight=\"45px\">Qu&#039;est-ce que l&#039;eau douce de toute fa\u00e7on?<\/h2><p>L'eau douce est une eau qui ne contient pas de traces de calcaire, comme le calcium ou le magn\u00e9sium. Ce qui est tr\u00e8s diff\u00e9rent de l'eau dure, o\u00f9 le calcaire est tr\u00e8s fortement pr\u00e9sent. Ce d\u00e9p\u00f4t de calcaire est provoqu\u00e9 par l'eau qui entre en contact avec l'air ou qui est chauff\u00e9, comme c'est le cas plus souvent avec un pommeau de douche. Cela a naturellement un impact sur vos tuyaux et vos substances m\u00e9nag\u00e8res, les rendant plus faciles \u00e0 casser.<\/p><p>Par d\u00e9faut, la douceur de l&#039;eau est exprim\u00e9e en degr\u00e9s fran\u00e7ais (\u00b0 F).<\/p><p><a href=\"https:\/\/www.apic.be\/hard-water-in-belgie\/\" target=\"_blank\" rel=\"noopener\">Consultez l&#039;\u00e9tat de l&#039;eau dure dans votre municipalit\u00e9 ici<\/a><\/p><\/div>\n\t\t\t\t<\/div>\n\t\t\t\t<\/div>\n\t\t\t\t\t\t<\/div>\n\t\t\t\t\t<\/div>\n\t\t<\/div>\n\t\t\t\t\t\t\t\t<\/div>\n\t\t\t\t\t<\/div>\n\t\t<\/section>\n\t\t\t\t\t\t<\/div>\n\t\t\t\t\t\t<\/div>\n\t\t\t\t\t<\/div>","protected":false},"excerpt":{"rendered":"<p>Gamme Apic apic COMPACT H \u2013 Adoucisseur mural En savoir plus ZETES junior 12,5 L En savoir plus ZETES 22 L En savoir plus NESSOS 34 L En savoir plus HERACLES 22 L En savoir plus HERACLES JUNIOR 12,5 L En savoir plus Vous souhaitez \u00e9galement un adoucisseur APIC ? Demandez votre devis gratuit ici Demandez votre devis gratuit ici Pourquoi un [\u2026]<\/p>","protected":false},"author":1,"featured_media":0,"parent":0,"menu_order":0,"comment_status":"closed","ping_status":"closed","template":"elementor_header_footer","meta":[],"_links":{"self":[{"href":"https:\/\/www.aquasmile.be\/fr\/wp-json\/wp\/v2\/pages\/5240"}],"collection":[{"href":"https:\/\/www.aquasmile.be\/fr\/wp-json\/wp\/v2\/pages"}],"about":[{"href":"https:\/\/www.aquasmile.be\/fr\/wp-json\/wp\/v2\/types\/page"}],"author":[{"embeddable":true,"href":"https:\/\/www.aquasmile.be\/fr\/wp-json\/wp\/v2\/users\/1"}],"replies":[{"embeddable":true,"href":"https:\/\/www.aquasmile.be\/fr\/wp-json\/wp\/v2\/comments?post=5240"}],"version-history":[{"count":28,"href":"https:\/\/www.aquasmile.be\/fr\/wp-json\/wp\/v2\/pages\/5240\/revisions"}],"predecessor-version":[{"id":6231,"href":"https:\/\/www.aquasmile.be\/fr\/wp-json\/wp\/v2\/pages\/5240\/revisions\/6231"}],"wp:attachment":[{"href":"https:\/\/www.aquasmile.be\/fr\/wp-json\/wp\/v2\/media?parent=5240"}],"curies":[{"name":"wp","href":"https:\/\/api.w.org\/{rel}","templated":true}]}}