{"id":4516,"date":"2018-02-19T12:03:30","date_gmt":"2018-02-19T12:03:30","guid":{"rendered":"http:\/\/ld-wp.template-help.com\/woocommerce_prod-14691\/v2\/?post_type=product&#038;p=4516"},"modified":"2021-03-13T15:33:47","modified_gmt":"2021-03-13T14:33:47","slug":"heracles-22l","status":"publish","type":"product","link":"https:\/\/www.aquasmile.be\/fr\/produit\/heracles-22l\/","title":{"rendered":"H\u00c9RACLES 22 L."},"content":{"rendered":"<div data-elementor-type=\"wp-post\" data-elementor-id=\"4516\" class=\"elementor elementor-4516\" data-elementor-settings=\"[]\">\n\t\t\t\t\t\t<div class=\"elementor-inner\">\n\t\t\t\t\t\t\t<div class=\"elementor-section-wrap\">\n\t\t\t\t\t\t\t<section class=\"elementor-section elementor-top-section elementor-element elementor-element-ade2a1c elementor-section-boxed elementor-section-height-default elementor-section-height-default\" data-id=\"ade2a1c\" data-element_type=\"section\">\n\t\t\t\t\t\t<div class=\"elementor-container elementor-column-gap-default\">\n\t\t\t\t\t\t\t<div class=\"elementor-row\">\n\t\t\t\t\t<div class=\"elementor-column elementor-col-100 elementor-top-column elementor-element elementor-element-6248f9d7\" data-id=\"6248f9d7\" data-element_type=\"column\">\n\t\t\t<div class=\"elementor-column-wrap elementor-element-populated\">\n\t\t\t\t\t\t\t<div class=\"elementor-widget-wrap\">\n\t\t\t\t\t\t<div class=\"elementor-element elementor-element-3ab33d87 elementor-tabs-view-horizontal elementor-widget elementor-widget-tabs\" data-id=\"3ab33d87\" data-element_type=\"widget\" data-widget_type=\"tabs.default\">\n\t\t\t\t<div class=\"elementor-widget-container\">\n\t\t\t\t\t<div class=\"elementor-tabs\">\n\t\t\t<div class=\"elementor-tabs-wrapper\" role=\"tablist\" >\n\t\t\t\t\t\t\t\t\t<div id=\"elementor-tab-title-9841\" class=\"elementor-tab-title elementor-tab-desktop-title\" aria-selected=\"true\" data-tab=\"1\" role=\"tab\" tabindex=\"0\" aria-controls=\"elementor-tab-content-9841\" aria-expanded=\"false\"><a href=\"\">D\u00e9tails<\/a><\/div>\n\t\t\t\t\t\t\t\t\t<div id=\"elementor-tab-title-9842\" class=\"elementor-tab-title elementor-tab-desktop-title\" aria-selected=\"false\" data-tab=\"2\" role=\"tab\" tabindex=\"-1\" aria-controls=\"elementor-tab-content-9842\" aria-expanded=\"false\"><a href=\"\">Plus d&#039;information<\/a><\/div>\n\t\t\t\t\t\t\t<\/div>\n\t\t\t<div class=\"elementor-tabs-content-wrapper\" role=\"tablist\" aria-orientation=\"vertical\">\n\t\t\t\t\t\t\t\t\t<div class=\"elementor-tab-title elementor-tab-mobile-title\" aria-selected=\"true\" data-tab=\"1\" role=\"tab\" tabindex=\"0\" aria-controls=\"elementor-tab-content-9841\" aria-expanded=\"false\">D\u00e9tails<\/div>\n\t\t\t\t\t<div id=\"elementor-tab-content-9841\" class=\"elementor-tab-content elementor-clearfix\" data-tab=\"1\" role=\"tabpanel\" aria-labelledby=\"elementor-tab-title-9841\" tabindex=\"0\" hidden=\"false\"><p>\u2022 Capacit\u00e9: bouteille de r\u00e9sine de 22 litres<br>\u2022 Vanne certifi\u00e9e CE sans pi\u00e8ce m\u00e9tallique oxydable<br>\u2022 Convient pour 4 \u00e0 6 consommateurs - consommation annuelle jusqu&#039;\u00e0 250m\u00b3<br>\u2022 Placement au sol<br>\u2022 Chlorinateur interne pour la d\u00e9sinfection automatique de l'eau de puits ou de ville, sur la bouteille de r\u00e9sine.<br>\u2022 D\u00e9bit adouci de 2m\u00b3 \u00e0 3m\u00b3 selon duret\u00e9 \u00b0F<br>\u2022 Vanne puissante full UF volum\u00e9trique variable \u00e9lectronique<br>\u2022 Rin\u00e7age variable et proportionnel (pour \u00e9conomiser l'eau et le sel)<br>\u2022 Double protection anti-d\u00e9bordement (flotteur et trop-plein)<br>\u2022 Affichage de l&#039;eau douce restante&nbsp;<br>\u2022 Sauvegarde des donn\u00e9es en cas de panne de courant<br>\u2022 R\u00e9g\u00e9n\u00e9ration d\u00e9tassage \u00e0 contre courant pour permettre l'eau et sel de se m\u00e9langer efficacement \u00e0 travers les r\u00e9sines.<br>\u2022 Bypass interne<br>\u2022 Capacit\u00e9 du bac \u00e0 sel: 75 kg<br>\u2022 Dimensions - H 1180 mm L 330 mm L 557 mm<br>\u2022 R\u00e9sines Purolite certifi\u00e9es CE<br>\u2022 Raccord 3\/4 (pas de perte de pr\u00e9ssion)<br>\u2022 Bouteille en r\u00e9sine sans entretien gr\u00e2ce au chlorinateur interne<br>\u2022 Jusqu'\u00e0 15 ans de garantie (avec formule)<\/p><\/div>\n\t\t\t\t\t\t\t\t\t<div class=\"elementor-tab-title elementor-tab-mobile-title\" aria-selected=\"false\" data-tab=\"2\" role=\"tab\" tabindex=\"-1\" aria-controls=\"elementor-tab-content-9842\" aria-expanded=\"false\">Plus d&#039;information<\/div>\n\t\t\t\t\t<div id=\"elementor-tab-content-9842\" class=\"elementor-tab-content elementor-clearfix\" data-tab=\"2\" role=\"tabpanel\" aria-labelledby=\"elementor-tab-title-9842\" tabindex=\"0\" hidden=\"hidden\"><p>Cet HERACLES a remport\u00e9 le meilleur test sur 4 marques connues lors du dernier test de TEST ACHAT en 2011.<\/p><p>Il est donc impossible qu&#039;il y ait des doutes sur les qualit\u00e9s d\u00e9j\u00e0 \u00e9prouv\u00e9es de cet adoucisseur.<\/p>\n<p>Profitez de cet adoucisseur d'eau bien d\u00e9velopp\u00e9 qui peut s'adapter \u00e0 n'importe quel garage ou espace. L'HERACLES est un adoucisseur d'eau \u00e9quip\u00e9 d'une commande de vanne volum\u00e9trique variable. C'est l'adoucisseur d'eau id\u00e9al pour une maison de 4 \u00e0 6 habitants, id\u00e9al pour une consommation d'eau ne d\u00e9passant pas 250m\u00b3 par an. Avec son corps hautement profil\u00e9 (PE), il r\u00e9siste aux chocs et est con\u00e7u pour \u00eatre r\u00e9sistant au fissures.<\/p>\n<p>L'APPAREIL LE PLUS APPROPRI\u00c9 POUR ADOUCIR L'EAU DE PUITS, CAR IL PRODUIT DU CHLORE PENDANT LA R\u00c9G\u00c9N\u00c9RATION POUR D\u00c9SINFECTER UN MINIMUM LES R\u00c9SINES CONTRE LES NITRITES ET LES NITRATES.<\/p>\n<p>Le nitrate n&#039;est pas une substance nocive, mais il peut \u00eatre converti en nitrite dans l&#039;organisme.<\/p>\n<p>Le nitrite est toxique \u00e0 des concentrations \u00e9lev\u00e9es.<\/p>\n<p>Environ 5% de l&#039;apport de nitrate chez un adulte sont convertis en nitrite, ce qui peut \u00eatre plus \u00e9lev\u00e9 chez les nourrissons.<\/p>\n<p>CONSEILS:<\/p>\n<p>Contrairement \u00e0 certains syst\u00e8mes du march\u00e9, sa vanne ne comporte aucune pi\u00e8ce m\u00e9tallique pouvant \u00eatre endommag\u00e9e par le sel.<\/p>\n<p>Le m\u00e9tal rouille rapidement et certainement lorsqu'il entre en contact avec du sel, cela provoque souvent le d\u00e9tachement de particules de rouille sales dans la vanne et cela provoque de toute fa\u00e7on une panne au niveau du piston de r\u00e9g\u00e9n\u00e9ration.<br>L'acier inoxydable (inox) s'oxyde rapidement lorsqu'il entre en contact avec le sel, ce qui signifie que les particules oxyd\u00e9es p\u00e9n\u00e8trent souvent dans l'espace o\u00f9 se trouve le piston de r\u00e9g\u00e9n\u00e9ration, ce qui peut endommager la paroi du cylindre, entra\u00eenant une perte d'eau de l'adoucisseur d'eau.<\/p>\n<p>En partie pour cette raison, nos c\u00e9l\u00e8bres tubes en plastique r\u00e9sidentiel Alupex ne sont plus d\u00e9velopp\u00e9s avec des mati\u00e8res premi\u00e8res m\u00e9talliques ...<\/p>\n<p>Aquasmile fournit toujours un pr\u00e9-filtre lors de la mise en place de l'adoucisseur pour emp\u00eacher la rouille et le sable de p\u00e9n\u00e9trer dans l'adoucisseur d'eau<\/p><\/div>\n\t\t\t\t\t\t\t<\/div>\n\t\t<\/div>\n\t\t\t\t<\/div>\n\t\t\t\t<\/div>\n\t\t\t\t\t\t<\/div>\n\t\t\t\t\t<\/div>\n\t\t<\/div>\n\t\t\t\t\t\t\t\t<\/div>\n\t\t\t\t\t<\/div>\n\t\t<\/section>\n\t\t\t\t\t\t<\/div>\n\t\t\t\t\t\t<\/div>\n\t\t\t\t\t<\/div>","protected":false},"excerpt":{"rendered":"<p>Cet HERACLES a remport\u00e9 lors du dernier test TEST ACHAT en 2011 le meilleur test sur 4 marques connues, il est donc impossible qu&#039;il y ait des doutes sur les qualit\u00e9s d\u00e9j\u00e0 \u00e9prouv\u00e9es de cet adoucisseur.<\/p>\n<p>Profitez de cet adoucisseur d'eau bien d\u00e9velopp\u00e9 qui peut s'adapter \u00e0 n'importe quel garage ou espace.<\/p>","protected":false},"featured_media":5243,"template":"","meta":[],"_links":{"self":[{"href":"https:\/\/www.aquasmile.be\/fr\/wp-json\/wp\/v2\/product\/4516"}],"collection":[{"href":"https:\/\/www.aquasmile.be\/fr\/wp-json\/wp\/v2\/product"}],"about":[{"href":"https:\/\/www.aquasmile.be\/fr\/wp-json\/wp\/v2\/types\/product"}],"version-history":[{"count":20,"href":"https:\/\/www.aquasmile.be\/fr\/wp-json\/wp\/v2\/product\/4516\/revisions"}],"predecessor-version":[{"id":6004,"href":"https:\/\/www.aquasmile.be\/fr\/wp-json\/wp\/v2\/product\/4516\/revisions\/6004"}],"wp:featuredmedia":[{"embeddable":true,"href":"https:\/\/www.aquasmile.be\/fr\/wp-json\/wp\/v2\/media\/5243"}],"wp:attachment":[{"href":"https:\/\/www.aquasmile.be\/fr\/wp-json\/wp\/v2\/media?parent=4516"}],"curies":[{"name":"wp","href":"https:\/\/api.w.org\/{rel}","templated":true}]}}