{"id":4526,"date":"2020-02-27T12:08:05","date_gmt":"2020-02-27T12:08:05","guid":{"rendered":"http:\/\/ld-wp.template-help.com\/woocommerce_prod-14691\/v2\/?post_type=product&#038;p=4526"},"modified":"2021-01-15T16:04:23","modified_gmt":"2021-01-15T15:04:23","slug":"wand-waterontharder-am8516","status":"publish","type":"product","link":"https:\/\/www.aquasmile.be\/fr\/produit\/wand-waterontharder-am8516\/","title":{"rendered":"Compact Z - Adoucisseur d&#039;eau mural"},"content":{"rendered":"<div data-elementor-type=\"wp-post\" data-elementor-id=\"4526\" class=\"elementor elementor-4526\" data-elementor-settings=\"[]\">\n\t\t\t\t\t\t<div class=\"elementor-inner\">\n\t\t\t\t\t\t\t<div class=\"elementor-section-wrap\">\n\t\t\t\t\t\t\t<section class=\"elementor-section elementor-top-section elementor-element elementor-element-2fa58374 elementor-section-boxed elementor-section-height-default elementor-section-height-default\" data-id=\"2fa58374\" data-element_type=\"section\">\n\t\t\t\t\t\t<div class=\"elementor-container elementor-column-gap-default\">\n\t\t\t\t\t\t\t<div class=\"elementor-row\">\n\t\t\t\t\t<div class=\"elementor-column elementor-col-100 elementor-top-column elementor-element elementor-element-74e9a10b\" data-id=\"74e9a10b\" data-element_type=\"column\">\n\t\t\t<div class=\"elementor-column-wrap elementor-element-populated\">\n\t\t\t\t\t\t\t<div class=\"elementor-widget-wrap\">\n\t\t\t\t\t\t<div class=\"elementor-element elementor-element-137268f1 elementor-tabs-view-horizontal elementor-widget elementor-widget-tabs\" data-id=\"137268f1\" data-element_type=\"widget\" data-widget_type=\"tabs.default\">\n\t\t\t\t<div class=\"elementor-widget-container\">\n\t\t\t\t\t<div class=\"elementor-tabs\">\n\t\t\t<div class=\"elementor-tabs-wrapper\" role=\"tablist\" >\n\t\t\t\t\t\t\t\t\t<div id=\"elementor-tab-title-3261\" class=\"elementor-tab-title elementor-tab-desktop-title\" aria-selected=\"true\" data-tab=\"1\" role=\"tab\" tabindex=\"0\" aria-controls=\"elementor-tab-content-3261\" aria-expanded=\"false\"><a href=\"\">D\u00e9tails<\/a><\/div>\n\t\t\t\t\t\t\t\t\t<div id=\"elementor-tab-title-3262\" class=\"elementor-tab-title elementor-tab-desktop-title\" aria-selected=\"false\" data-tab=\"2\" role=\"tab\" tabindex=\"-1\" aria-controls=\"elementor-tab-content-3262\" aria-expanded=\"false\"><a href=\"\">Plus d&#039;information<\/a><\/div>\n\t\t\t\t\t\t\t<\/div>\n\t\t\t<div class=\"elementor-tabs-content-wrapper\" role=\"tablist\" aria-orientation=\"vertical\">\n\t\t\t\t\t\t\t\t\t<div class=\"elementor-tab-title elementor-tab-mobile-title\" aria-selected=\"true\" data-tab=\"1\" role=\"tab\" tabindex=\"0\" aria-controls=\"elementor-tab-content-3261\" aria-expanded=\"false\">D\u00e9tails<\/div>\n\t\t\t\t\t<div id=\"elementor-tab-content-3261\" class=\"elementor-tab-content elementor-clearfix\" data-tab=\"1\" role=\"tabpanel\" aria-labelledby=\"elementor-tab-title-3261\" tabindex=\"0\" hidden=\"false\"><p>\u2022 Capacit\u00e9: bouteille de r\u00e9sine de 14 litres<br>\u2022 Convient pour 4 \u00e0 5 consommateurs - consommation annuelle jusqu&#039;\u00e0 150m\u00b3<br>\u2022 Chlorateur interne pour la d\u00e9sinfection automatique de l&#039;eau des puits ou de la ville <strong>(optionnel)<\/strong><br>\u2022 Vanne puissante full UF volum\u00e9trique variable \u00e9lectronique<br>\u2022 Eau proportionnelle variable et rin\u00e7age au sel + mode vacances (pour \u00e9conomiser l&#039;eau et le sel)<br>\u2022 Double protection anti-d\u00e9bordement (flotteur et trop-plein)<br>\u2022 Affichage de l&#039;eau douce disponible&nbsp;<br>\u2022 Sauvegarde des donn\u00e9es en cas de panne de courant<br>\u2022 R\u00e9g\u00e9n\u00e9ration rapide du d\u00e9bit contre le d\u00e9bit d&#039;eau pour permettre au sel de se m\u00e9langer efficacement \u00e0 travers les r\u00e9sines.<br>\u2022 Poign\u00e9es d&#039;aide au montage<br>\u2022 Peut \u00eatre pos\u00e9 sur le sol ou sur le mur (dans des mat\u00e9riaux durs)<br>\u2022 Support en acier inoxydable en option pour montage mural<br>\u2022 Bypass interne<br>\u2022 Capacit\u00e9 du bac \u00e0 sel: 40 kg<br>\u2022 Dimensions: H.94 x L. 50 x P. 21 cm<br>\u2022 R\u00e9sines Purolite certifi\u00e9es CE<br>\u2022 Raccord 3\/4 (pas de perte de pr\u00e9ssion)<br>\u2022 Jusqu&#039;\u00e0 15 ans de garantie apr\u00e8s inspection&nbsp;<br>\u2022 D\u00e9bit adouci de 1,3m\u00b3 \u00e0 1,7m\u00b3 selon duret\u00e9 \u00b0F<\/p><p><br><\/p><\/div>\n\t\t\t\t\t\t\t\t\t<div class=\"elementor-tab-title elementor-tab-mobile-title\" aria-selected=\"false\" data-tab=\"2\" role=\"tab\" tabindex=\"-1\" aria-controls=\"elementor-tab-content-3262\" aria-expanded=\"false\">Plus d&#039;information<\/div>\n\t\t\t\t\t<div id=\"elementor-tab-content-3262\" class=\"elementor-tab-content elementor-clearfix\" data-tab=\"2\" role=\"tabpanel\" aria-labelledby=\"elementor-tab-title-3262\" tabindex=\"0\" hidden=\"hidden\"><p>Profitez d&#039;un adoucisseur mural compact,<\/p>\n<p>Avec cet adoucisseur d&#039;eau Compact Z, vous b\u00e9n\u00e9ficiez d&#039;un nouveau concept moderne et souvent d&#039;une solution peu encombrante, l&#039;adoucisseur peut \u00eatre mont\u00e9 au mur ou pos\u00e9 au sol.<\/p>\n<p>Avec une capacit\u00e9 de 14 litres de r\u00e9sine, cet adoucisseur convient \u00e0 un m\u00e9nage de 4 \u00e0 5 personnes, ou une consommation annuelle d'eau jusqu'\u00e0 150m\u00b3.<\/p>\n<p>\u00c9quip\u00e9 d'une vanne \u00e9lectronique volum\u00e9trique variable puissant et \u00e9conomique, ce qui signifie que l'eau et le sel ne sont jamais consomm\u00e9s en exc\u00e8s.<\/p>\n<p>CONSEILS:<\/p>\n<p>Contrairement \u00e0 certains syst\u00e8mes du march\u00e9, sa vanne n'a pas de pi\u00e8ce m\u00e9tallique sensible au sel qui active l'oxydation des m\u00e9taux<strong> <\/strong>et les pi\u00e8ces m\u00e9talliques qui peuvent \u00eatre endommag\u00e9es par le sel.<\/p>\n<p>Le m\u00e9tal rouille rapidement et certainement lorsqu'il entre en contact avec du sel, cela provoque souvent le d\u00e9tachement de particules de rouille sales dans la vanne et cela provoque de toute fa\u00e7on une panne au niveau du piston de r\u00e9g\u00e9n\u00e9ration.<br>L'acier inox s'oxyde rapidement au contact du sel, ce qui signifie que les particules oxyd\u00e9es p\u00e9n\u00e8trent souvent dans l'espace o\u00f9 se trouve le piston de r\u00e9g\u00e9n\u00e9ration, ce qui peut endommager la paroi de la culasse, entra\u00eenant une perte d'eau de l'adoucisseur d'eau.<\/p>\n<p>C'est en partie pour cette raison que nos c\u00e9l\u00e8bres tubes r\u00e9sidentiels Alupex ne sont plus d\u00e9velopp\u00e9s avec des mati\u00e8res premi\u00e8res m\u00e9talliques ...<\/p>\n<p>Utilisez toujours un pr\u00e9filtre lors de l&#039;installation de l&#039;adoucisseur pour emp\u00eacher la rouille et le sable de p\u00e9n\u00e9trer dans l&#039;adoucisseur.<\/p>\n<p><strong>Service gratuit Aquasmile:<\/strong><\/p>\n<p>Mise en service gratuite apr\u00e8s l&#039;installation<\/p>\n<p>Uniquement pour les professionnels ou les entreprises<\/p><\/div>\n\t\t\t\t\t\t\t<\/div>\n\t\t<\/div>\n\t\t\t\t<\/div>\n\t\t\t\t<\/div>\n\t\t\t\t\t\t<\/div>\n\t\t\t\t\t<\/div>\n\t\t<\/div>\n\t\t\t\t\t\t\t\t<\/div>\n\t\t\t\t\t<\/div>\n\t\t<\/section>\n\t\t\t\t\t\t<\/div>\n\t\t\t\t\t\t<\/div>\n\t\t\t\t\t<\/div>","protected":false},"excerpt":{"rendered":"<p>Profitez d&#039;un adoucisseur mural compact,<\/p>\n<p>Avec cet adoucisseur d&#039;eau Compact Z, vous b\u00e9n\u00e9ficiez d&#039;un nouveau concept moderne et souvent d&#039;une solution peu encombrante, l&#039;adoucisseur peut \u00eatre mont\u00e9 au mur ou pos\u00e9 au sol.<\/p>","protected":false},"featured_media":5216,"template":"","meta":[],"_links":{"self":[{"href":"https:\/\/www.aquasmile.be\/fr\/wp-json\/wp\/v2\/product\/4526"}],"collection":[{"href":"https:\/\/www.aquasmile.be\/fr\/wp-json\/wp\/v2\/product"}],"about":[{"href":"https:\/\/www.aquasmile.be\/fr\/wp-json\/wp\/v2\/types\/product"}],"version-history":[{"count":28,"href":"https:\/\/www.aquasmile.be\/fr\/wp-json\/wp\/v2\/product\/4526\/revisions"}],"predecessor-version":[{"id":5984,"href":"https:\/\/www.aquasmile.be\/fr\/wp-json\/wp\/v2\/product\/4526\/revisions\/5984"}],"wp:featuredmedia":[{"embeddable":true,"href":"https:\/\/www.aquasmile.be\/fr\/wp-json\/wp\/v2\/media\/5216"}],"wp:attachment":[{"href":"https:\/\/www.aquasmile.be\/fr\/wp-json\/wp\/v2\/media?parent=4526"}],"curies":[{"name":"wp","href":"https:\/\/api.w.org\/{rel}","templated":true}]}}