{"id":5260,"date":"2020-11-16T14:10:29","date_gmt":"2020-11-16T14:10:29","guid":{"rendered":"https:\/\/www.aquasmile.be\/?post_type=product&#038;p=5260"},"modified":"2020-12-24T15:44:24","modified_gmt":"2020-12-24T14:44:24","slug":"zetes-22l","status":"publish","type":"product","link":"https:\/\/www.aquasmile.be\/fr\/produit\/zetes-22l\/","title":{"rendered":"ZETES 22 L."},"content":{"rendered":"<div data-elementor-type=\"wp-post\" data-elementor-id=\"5260\" class=\"elementor elementor-5260\" data-elementor-settings=\"[]\">\n\t\t\t\t\t\t<div class=\"elementor-inner\">\n\t\t\t\t\t\t\t<div class=\"elementor-section-wrap\">\n\t\t\t\t\t\t\t<section class=\"elementor-section elementor-top-section elementor-element elementor-element-f6bf8c elementor-section-boxed elementor-section-height-default elementor-section-height-default\" data-id=\"f6bf8c\" data-element_type=\"section\">\n\t\t\t\t\t\t<div class=\"elementor-container elementor-column-gap-default\">\n\t\t\t\t\t\t\t<div class=\"elementor-row\">\n\t\t\t\t\t<div class=\"elementor-column elementor-col-100 elementor-top-column elementor-element elementor-element-6820445\" data-id=\"6820445\" data-element_type=\"column\">\n\t\t\t<div class=\"elementor-column-wrap elementor-element-populated\">\n\t\t\t\t\t\t\t<div class=\"elementor-widget-wrap\">\n\t\t\t\t\t\t<div class=\"elementor-element elementor-element-5581cc61 elementor-tabs-view-horizontal elementor-widget elementor-widget-tabs\" data-id=\"5581cc61\" data-element_type=\"widget\" data-widget_type=\"tabs.default\">\n\t\t\t\t<div class=\"elementor-widget-container\">\n\t\t\t\t\t<div class=\"elementor-tabs\">\n\t\t\t<div class=\"elementor-tabs-wrapper\" role=\"tablist\" >\n\t\t\t\t\t\t\t\t\t<div id=\"elementor-tab-title-1431\" class=\"elementor-tab-title elementor-tab-desktop-title\" aria-selected=\"true\" data-tab=\"1\" role=\"tab\" tabindex=\"0\" aria-controls=\"elementor-tab-content-1431\" aria-expanded=\"false\"><a href=\"\">D\u00e9tails<\/a><\/div>\n\t\t\t\t\t\t\t\t\t<div id=\"elementor-tab-title-1432\" class=\"elementor-tab-title elementor-tab-desktop-title\" aria-selected=\"false\" data-tab=\"2\" role=\"tab\" tabindex=\"-1\" aria-controls=\"elementor-tab-content-1432\" aria-expanded=\"false\"><a href=\"\">Plus d&#039;information<\/a><\/div>\n\t\t\t\t\t\t\t<\/div>\n\t\t\t<div class=\"elementor-tabs-content-wrapper\" role=\"tablist\" aria-orientation=\"vertical\">\n\t\t\t\t\t\t\t\t\t<div class=\"elementor-tab-title elementor-tab-mobile-title\" aria-selected=\"true\" data-tab=\"1\" role=\"tab\" tabindex=\"0\" aria-controls=\"elementor-tab-content-1431\" aria-expanded=\"false\">D\u00e9tails<\/div>\n\t\t\t\t\t<div id=\"elementor-tab-content-1431\" class=\"elementor-tab-content elementor-clearfix\" data-tab=\"1\" role=\"tabpanel\" aria-labelledby=\"elementor-tab-title-1431\" tabindex=\"0\" hidden=\"false\"><p>\u2022 Vanne certifi\u00e9e CE (sans pi\u00e8ce m\u00e9tallique oxydable)<\/p>\n<p>\u2022 Contr\u00f4le chronom\u00e9trique volum\u00e9trique + mode d\u00e9tassage resine UP FL<\/p>\n<p>\u2022 Placement au sol&nbsp;<\/p>\n<p>\u2022 Capacit\u00e9 4 \u00e0 6 personnes jusqu&#039;\u00e0 250m\u00b3 de consommation annuelle d&#039;eau<\/p>\n<p><span style=\"color: var( --e-global-color-text ); letter-spacing: 0px;\">\u2022 Raccord 3\/4 sans perte de pression<\/span><br><\/p>\n<p><b>\u2022 <\/b>Adoucit le d\u00e9bit de 2m\u00b3 \u00e0 3m\u00b3 selon duret\u00e9 \u00b0F<\/p>\n<p><span style=\"color: var( --e-global-color-text ); letter-spacing: 0px;\">\u2022 Bypass interne&nbsp;<\/span><\/p>\n<p>\u2022 R\u00e9cipient de sel certifi\u00e9 CE (PE)<\/p>\n<p>\u2022 Double protection anti debordement sur flotteur et surverse<\/p>\n<p>\u2022 Mode vacances<\/p>\n<p><span style=\"color: var( --e-global-color-text ); letter-spacing: 0px;\">\u2022 Sauvegarde des donn\u00e9es en cas de panne de courant<\/span><br><\/p>\n<p>\u2022 Affichage de l&#039;eau douce restante&nbsp;<\/p>\n<p>\u2022 Capacit\u00e9 du bac \u00e0 sel 75 Kg&nbsp;<\/p>\n<p>\u2022 Dimensions - H 1180 mm L 330 mm L 557 mm&nbsp;<\/p>\n<p>\u2022 R\u00e9sines Purolite certifi\u00e9es CE&nbsp;<\/p>\n<p>\u2022 Maintenance - d\u00e9sinfection annuelle des r\u00e9sines avec alcool \/ phosphore&nbsp;<\/p>\n<p>\u2022 Jusqu&#039;\u00e0 15 ans de garantie avec maintenance&nbsp;<\/p>\n<p><\/p><\/div>\n\t\t\t\t\t\t\t\t\t<div class=\"elementor-tab-title elementor-tab-mobile-title\" aria-selected=\"false\" data-tab=\"2\" role=\"tab\" tabindex=\"-1\" aria-controls=\"elementor-tab-content-1432\" aria-expanded=\"false\">Plus d&#039;information<\/div>\n\t\t\t\t\t<div id=\"elementor-tab-content-1432\" class=\"elementor-tab-content elementor-clearfix\" data-tab=\"2\" role=\"tabpanel\" aria-labelledby=\"elementor-tab-title-1432\" tabindex=\"0\" hidden=\"hidden\"><p>Profitez de cet adoucisseur d'eau bien d\u00e9velopp\u00e9 qui peut s'adapter \u00e0 n'importe quel garage ou espace.<\/p>\n<p>Le Zetes est un adoucisseur d'eau \u00e9quip\u00e9 d'une commande de vanne volum\u00e9trique. C'est l'adoucisseur d'eau id\u00e9al pour une maison de 4 \u00e0 6 habitants, id\u00e9al pour une consommation d'eau ne d\u00e9passant pas 250m\u00b3 par an. Avec son corps hautement profil\u00e9 (PE), il r\u00e9siste aux chocs et est con\u00e7u pour \u00eatre resistant au fissures.<\/p>\n<p>CONSEILS:<\/p>\n<p>Contrairement \u00e0 certains syst\u00e8mes du march\u00e9, sa vanne ne comporte aucune pi\u00e8ce m\u00e9tallique pouvant \u00eatre endommag\u00e9e par le sel.<\/p>\n<p>Le m\u00e9tal rouille rapidement et certainement lorsqu'il entre en contact avec du sel, cela provoque souvent le d\u00e9tachement de particules de rouille sales dans la vanne et cela provoque de toute fa\u00e7on une panne au niveau du piston de r\u00e9g\u00e9n\u00e9ration.<br>L'acier inox s'oxyde rapidement au contact du sel, ce qui signifie que les particules oxyd\u00e9es p\u00e9n\u00e8trent souvent dans l'espace o\u00f9 se trouve le piston de r\u00e9g\u00e9n\u00e9ration, ce qui peut endommager la paroi de la culasse, entra\u00eenant une perte d'eau de l'adoucisseur d'eau.<\/p>\n<p>C'est en partie pour cette raison que nos c\u00e9l\u00e8bres tubes r\u00e9sidentiels Alupex ne sont plus d\u00e9velopp\u00e9s avec des mati\u00e8res premi\u00e8res m\u00e9talliques ...<\/p>\n<p>Aquasmile fournit toujours un pr\u00e9-filtre lors de la mise en place de l&#039;adoucisseur pour emp\u00eacher la rouille et le sable de p\u00e9n\u00e9trer dans l&#039;adoucisseur d&#039;eau.<\/p><\/div>\n\t\t\t\t\t\t\t<\/div>\n\t\t<\/div>\n\t\t\t\t<\/div>\n\t\t\t\t<\/div>\n\t\t\t\t\t\t<\/div>\n\t\t\t\t\t<\/div>\n\t\t<\/div>\n\t\t\t\t\t\t\t\t<\/div>\n\t\t\t\t\t<\/div>\n\t\t<\/section>\n\t\t\t\t\t\t<\/div>\n\t\t\t\t\t\t<\/div>\n\t\t\t\t\t<\/div>","protected":false},"excerpt":{"rendered":"<p>Profitez de cet adoucisseur d&#039;eau bien d\u00e9velopp\u00e9 qui peut r\u00e9sister \u00e0 n&#039;importe quel garage ou espace. C&#039;est l&#039;adoucisseur d&#039;eau id\u00e9al pour une maison de 4 \u00e0 6 habitants, id\u00e9al pour une consommation d&#039;eau ne d\u00e9passant pas 250m\u00b3 par an.<\/p>","protected":false},"featured_media":5261,"template":"","meta":[],"_links":{"self":[{"href":"https:\/\/www.aquasmile.be\/fr\/wp-json\/wp\/v2\/product\/5260"}],"collection":[{"href":"https:\/\/www.aquasmile.be\/fr\/wp-json\/wp\/v2\/product"}],"about":[{"href":"https:\/\/www.aquasmile.be\/fr\/wp-json\/wp\/v2\/types\/product"}],"version-history":[{"count":46,"href":"https:\/\/www.aquasmile.be\/fr\/wp-json\/wp\/v2\/product\/5260\/revisions"}],"predecessor-version":[{"id":5952,"href":"https:\/\/www.aquasmile.be\/fr\/wp-json\/wp\/v2\/product\/5260\/revisions\/5952"}],"wp:featuredmedia":[{"embeddable":true,"href":"https:\/\/www.aquasmile.be\/fr\/wp-json\/wp\/v2\/media\/5261"}],"wp:attachment":[{"href":"https:\/\/www.aquasmile.be\/fr\/wp-json\/wp\/v2\/media?parent=5260"}],"curies":[{"name":"wp","href":"https:\/\/api.w.org\/{rel}","templated":true}]}}