{"id":5265,"date":"2020-11-16T14:14:58","date_gmt":"2020-11-16T14:14:58","guid":{"rendered":"https:\/\/www.aquasmile.be\/?post_type=product&#038;p=5265"},"modified":"2020-12-24T11:49:12","modified_gmt":"2020-12-24T10:49:12","slug":"zetes-junior-125l","status":"publish","type":"product","link":"https:\/\/www.aquasmile.be\/fr\/produit\/zetes-junior-125l\/","title":{"rendered":"ZETES junior 12,5 L."},"content":{"rendered":"<div data-elementor-type=\"wp-post\" data-elementor-id=\"5265\" class=\"elementor elementor-5265\" data-elementor-settings=\"[]\">\n\t\t\t\t\t\t<div class=\"elementor-inner\">\n\t\t\t\t\t\t\t<div class=\"elementor-section-wrap\">\n\t\t\t\t\t\t\t<section class=\"elementor-section elementor-top-section elementor-element elementor-element-7950fc33 elementor-section-boxed elementor-section-height-default elementor-section-height-default\" data-id=\"7950fc33\" data-element_type=\"section\">\n\t\t\t\t\t\t<div class=\"elementor-container elementor-column-gap-default\">\n\t\t\t\t\t\t\t<div class=\"elementor-row\">\n\t\t\t\t\t<div class=\"elementor-column elementor-col-100 elementor-top-column elementor-element elementor-element-b46f743\" data-id=\"b46f743\" data-element_type=\"column\">\n\t\t\t<div class=\"elementor-column-wrap elementor-element-populated\">\n\t\t\t\t\t\t\t<div class=\"elementor-widget-wrap\">\n\t\t\t\t\t\t<div class=\"elementor-element elementor-element-1b7dfbd9 elementor-tabs-view-horizontal elementor-widget elementor-widget-tabs\" data-id=\"1b7dfbd9\" data-element_type=\"widget\" data-widget_type=\"tabs.default\">\n\t\t\t\t<div class=\"elementor-widget-container\">\n\t\t\t\t\t<div class=\"elementor-tabs\">\n\t\t\t<div class=\"elementor-tabs-wrapper\" role=\"tablist\" >\n\t\t\t\t\t\t\t\t\t<div id=\"elementor-tab-title-4611\" class=\"elementor-tab-title elementor-tab-desktop-title\" aria-selected=\"true\" data-tab=\"1\" role=\"tab\" tabindex=\"0\" aria-controls=\"elementor-tab-content-4611\" aria-expanded=\"false\"><a href=\"\">D\u00e9tails<\/a><\/div>\n\t\t\t\t\t\t\t\t\t<div id=\"elementor-tab-title-4612\" class=\"elementor-tab-title elementor-tab-desktop-title\" aria-selected=\"false\" data-tab=\"2\" role=\"tab\" tabindex=\"-1\" aria-controls=\"elementor-tab-content-4612\" aria-expanded=\"false\"><a href=\"\">Plus d&#039;information<\/a><\/div>\n\t\t\t\t\t\t\t<\/div>\n\t\t\t<div class=\"elementor-tabs-content-wrapper\" role=\"tablist\" aria-orientation=\"vertical\">\n\t\t\t\t\t\t\t\t\t<div class=\"elementor-tab-title elementor-tab-mobile-title\" aria-selected=\"true\" data-tab=\"1\" role=\"tab\" tabindex=\"0\" aria-controls=\"elementor-tab-content-4611\" aria-expanded=\"false\">D\u00e9tails<\/div>\n\t\t\t\t\t<div id=\"elementor-tab-content-4611\" class=\"elementor-tab-content elementor-clearfix\" data-tab=\"1\" role=\"tabpanel\" aria-labelledby=\"elementor-tab-title-4611\" tabindex=\"0\" hidden=\"false\"><p>\u2022 Contenu: 12,5 litres de r\u00e9sine<br>\u2022 Vanne certifi\u00e9e CE (sans pi\u00e8ce m\u00e9tallique oxydable)<br>\u2022 Contr\u00f4le chronom\u00e9trique volum\u00e9trique + mode d\u00e9tassage resine UP FL<br>\u2022 Placement au sol<br>\u2022 Capacit\u00e9 2 \u00e0 3 personnes jusqu'\u00e0 100m\u00b3 de consommation d'eau par an<br>\u2022 Raccord 3\/4 sans perte de pression<br>\u2022 D\u00e9bit adouci de 1,2 m\u00b3 \u00e0 1,5 m\u00b3 selon duret\u00e9 \u00b0F<br>\u2022 Bypass interne<br>\u2022 Se glisse facilement sous un \u00e9vier, dans une cuisine ou dans un appartement<br>\u2022 R\u00e9cipient de sel certifi\u00e9 CE (PE)<br>\u2022 Double protection anti debordement sur flotteur et surverse<br>\u2022 Mode vacances<br>\u2022 Sauvegarde des donn\u00e9es en cas de panne de courant<br>\u2022 Affichage de l&#039;eau douce restante<br>\u2022 Capacit\u00e9 du bac \u00e0 sel 35 Kg<br>\u2022 Dimensions - H 661 mm L 330 mm L 557 mm<br>\u2022 R\u00e9sines Purolite certifi\u00e9es CE<br>\u2022 Maintenance - d\u00e9sinfection annuelle des r\u00e9sines avec alcool \/ phosphore<br>\u2022 Jusqu&#039;\u00e0 15 ans de garantie avec maintenance<\/p><\/div>\n\t\t\t\t\t\t\t\t\t<div class=\"elementor-tab-title elementor-tab-mobile-title\" aria-selected=\"false\" data-tab=\"2\" role=\"tab\" tabindex=\"-1\" aria-controls=\"elementor-tab-content-4612\" aria-expanded=\"false\">Plus d&#039;information<\/div>\n\t\t\t\t\t<div id=\"elementor-tab-content-4612\" class=\"elementor-tab-content elementor-clearfix\" data-tab=\"2\" role=\"tabpanel\" aria-labelledby=\"elementor-tab-title-4612\" tabindex=\"0\" hidden=\"hidden\"><p>Profitez de cet adoucisseur d'eau compact qui s'int\u00e8gre dans les petits espaces. Le Zetes junior est un adoucisseur d'eau \u00e9quip\u00e9 d'une commande de vanne volum\u00e9trique. C'est l'adoucisseur d'eau id\u00e9al pour une maison de 2 \u00e0 3 personnes, id\u00e9al pour une consommation d'eau ne d\u00e9passant pas 100m\u00b3 par an. Avec son corps hautement profil\u00e9e (PE), il r\u00e9siste aux chocs et est con\u00e7u pour \u00eatre r\u00e9sistant au fissures.<\/p>\n<p>CONSEILS:<\/p>\n<p>Contrairement \u00e0 certains syst\u00e8mes du march\u00e9, sa vanne n'a pas de pi\u00e8ce m\u00e9tallique sensible au sel qui active l'oxydation des m\u00e9taux<strong> <\/strong>,<strong> <\/strong>. . .<\/p>\n<p>Le m\u00e9tal rouille rapidement et certainement lorsqu'il entre en contact avec du sel, cela provoque souvent le d\u00e9tachement de particules de rouille sales dans la vanne et cela provoque de toute fa\u00e7on une panne au niveau du piston de r\u00e9g\u00e9n\u00e9ration.<br><br><\/p><p>L'acier inoxydable (inox) s'oxyde rapidement lorsqu'il entre en contact avec le sel, ce qui signifie que les particules oxyd\u00e9es p\u00e9n\u00e8trent souvent dans l'espace o\u00f9 se trouve le piston de r\u00e9g\u00e9n\u00e9ration, ce qui peut endommager la paroi du cylindre, entra\u00eenant une perte d'eau de l'adoucisseur d'eau.<\/p>\n<p>En partie pour cette raison, nos c\u00e9l\u00e8bres tubes en plastique r\u00e9sidentiel Alupex ne sont plus d\u00e9velopp\u00e9s avec des mati\u00e8res premi\u00e8res m\u00e9talliques ...<\/p>\n<p>Aquasmile fournit toujours un pr\u00e9-filtre lors de la mise en place de l&#039;adoucisseur pour emp\u00eacher la rouille et le sable de p\u00e9n\u00e9trer dans l&#039;adoucisseur d&#039;eau.<\/p><\/div>\n\t\t\t\t\t\t\t<\/div>\n\t\t<\/div>\n\t\t\t\t<\/div>\n\t\t\t\t<\/div>\n\t\t\t\t\t\t<\/div>\n\t\t\t\t\t<\/div>\n\t\t<\/div>\n\t\t\t\t\t\t\t\t<\/div>\n\t\t\t\t\t<\/div>\n\t\t<\/section>\n\t\t\t\t\t\t<\/div>\n\t\t\t\t\t\t<\/div>\n\t\t\t\t\t<\/div>","protected":false},"excerpt":{"rendered":"<p>Profitez de cet adoucisseur d&#039;eau compact qui s&#039;int\u00e8gre dans les petits espaces. C&#039;est l&#039;adoucisseur d&#039;eau id\u00e9al pour une maison de 2 \u00e0 3 personnes, id\u00e9al pour une consommation d&#039;eau ne d\u00e9passant pas 100m\u00b3 par an.<\/p>","protected":false},"featured_media":5269,"template":"","meta":[],"_links":{"self":[{"href":"https:\/\/www.aquasmile.be\/fr\/wp-json\/wp\/v2\/product\/5265"}],"collection":[{"href":"https:\/\/www.aquasmile.be\/fr\/wp-json\/wp\/v2\/product"}],"about":[{"href":"https:\/\/www.aquasmile.be\/fr\/wp-json\/wp\/v2\/types\/product"}],"version-history":[{"count":41,"href":"https:\/\/www.aquasmile.be\/fr\/wp-json\/wp\/v2\/product\/5265\/revisions"}],"predecessor-version":[{"id":5888,"href":"https:\/\/www.aquasmile.be\/fr\/wp-json\/wp\/v2\/product\/5265\/revisions\/5888"}],"wp:featuredmedia":[{"embeddable":true,"href":"https:\/\/www.aquasmile.be\/fr\/wp-json\/wp\/v2\/media\/5269"}],"wp:attachment":[{"href":"https:\/\/www.aquasmile.be\/fr\/wp-json\/wp\/v2\/media?parent=5265"}],"curies":[{"name":"wp","href":"https:\/\/api.w.org\/{rel}","templated":true}]}}